{"id":26781,"date":"2025-10-28T15:49:58","date_gmt":"2025-10-28T14:49:58","guid":{"rendered":"https:\/\/www.campusfm.net\/wp\/?page_id=26781"},"modified":"2025-10-28T17:32:14","modified_gmt":"2025-10-28T16:32:14","slug":"prestations","status":"publish","type":"page","link":"https:\/\/www.campusfm.net\/wp\/prestations\/","title":{"rendered":"Prestations"},"content":{"rendered":"\n<p>Pour devis et demandes : <a href=\"mailto:progmusicalecampustoulouse@gmail.com\" target=\"_blank\" rel=\"noreferrer noopener\">progmusicalecampustoulouse@gmail.com<\/a>\u00a0\u00a0<\/p>\n\n\n\n<ol class=\"wp-block-list\"><\/ol>\n\n\n\n<h2 class=\"wp-block-heading\"><strong>1 &#8211; R\u00e9gie publicitaire<\/strong><br><\/h2>\n\n\n\n<p><strong>Commer\u00e7ants, acteurs de l\u2019ESS, du circuit court et de la culture<\/strong>, faites conna\u00eetre vos \u00e9v\u00e9nements et commerces sur Toulouse et sa m\u00e9tropole gr\u00e2ce \u00e0 la diffusion de <strong>spots audio produits par Campus FM<\/strong>.<br><br>\u00a0CampusFm diffuse \u00e0 environ 40kms autour de Toulouse avec une audience Fm (m\u00e9diam\u00e9trie)\u00a0d&rsquo;environ 12 000 auditeurs\/jour en plus d&rsquo;un streaming worldwide<\/p>\n\n\n\n<p><strong>Dur\u00e9es disponibles :<\/strong><\/p>\n\n\n\n<ul class=\"wp-block-list\">\n<li>30 secondes<\/li>\n\n\n\n<li>1 minute<\/li>\n<\/ul>\n\n\n\n<p><strong>Production :<\/strong><\/p>\n\n\n\n<ul class=\"wp-block-list\">\n<li>Les textes sont fournis par le client<\/li>\n\n\n\n<li>Les voix assur\u00e9es par nos animateurs et animatrices<\/li>\n\n\n\n<li>Jusqu\u2019\u00e0 3 allers-retours avant validation et diffusion<\/li>\n<\/ul>\n\n\n\n<p><strong>Diffusion :<\/strong><\/p>\n\n\n\n<ul class=\"wp-block-list\">\n<li>\u00c0 heures fixes ou en <em>floating<\/em> (al\u00e9atoire)<\/li>\n\n\n\n<li>Nombre de passages quotidiens : 2, 4, 6 ou 8<\/li>\n\n\n\n<li>Campagne de 1 jour \u00e0 1 mois ou plus<\/li>\n<\/ul>\n\n\n\n<p><strong>Devis sur demande :<\/strong> <a>progmusicalecampustoulouse@gmail.com<\/a><\/p>\n\n\n\n<h2 class=\"wp-block-heading\"><strong>2 &#8211; Ateliers<\/strong><br><\/h2>\n\n\n\n<p>Campus FM propose plusieurs ateliers autour de la cr\u00e9ation sonore et radiophonique :<\/p>\n\n\n\n<ul class=\"wp-block-list\">\n<li>Podcast, \u00e9criture radiophonique et initiation au studio<\/li>\n\n\n\n<li>Prise de son en ext\u00e9rieur, <em>field recording<\/em> et paysages sonores<\/li>\n\n\n\n<li>Initiation au montage audio<\/li>\n\n\n\n<li>R\u00e9alisation de programmes radio et podcasts<br><br><strong>Informations et devis :<\/strong> <a>m.aubin@campusfm.net<\/a><\/li>\n<\/ul>\n\n\n\n<h2 class=\"wp-block-heading\">3 &#8211; <strong>Plateaux radio ext\u00e9rieurs \/ publics<\/strong><\/h2>\n\n\n\n<p>Pour tous types d\u2019\u00e9v\u00e9nements : festivals, colloques, tables rondes, soir\u00e9es, concerts, inaugurations, r\u00e9sidences d\u2019artistes, etc.<\/p>\n\n\n\n<p><strong>Formules possibles :<\/strong><\/p>\n\n\n\n<ol class=\"wp-block-list\">\n<li>Captation + enregistrement<\/li>\n\n\n\n<li>Captation + enregistrement + diffusion sur site<\/li>\n\n\n\n<li>Captation + enregistrement + diffusion en direct en FM et en streaming<\/li>\n\n\n\n<li>Captation + enregistrement + diffusion sur site + diffusion en direct en FM et en streaming<\/li>\n<\/ol>\n\n\n\n<p><strong>Dur\u00e9e :<\/strong> \u00e9missions de 30 min \u00e0 2 h<br><strong>Lieux :<\/strong> partout o\u00f9 un branchement \u00e9lectrique est disponible<br><strong>Podcast :<\/strong> chaque prestation peut \u00eatre publi\u00e9e sur <a href=\"https:\/\/vodio.fr\/vodiotheque\/585\" target=\"_blank\" rel=\"noreferrer noopener\">vodio<\/a><br><strong>Tarifs :<\/strong> selon la nature du partenariat et le volume demand\u00e9<br><br><strong>Informations et devis :<\/strong> <a><strong>francois.berchenko@campusfm.net<\/strong><\/a><\/p>\n\n\n\n<h2 class=\"wp-block-heading\"><strong>4 &#8211; Animations musicales<\/strong><br><\/h2>\n\n\n\n<p>Nos DJs animent vos \u00e9v\u00e9nements, quels qu\u2019ils soient : festivals, inaugurations, cl\u00f4tures, <em>before<\/em> ou <em>after<\/em> concerts, galas, f\u00eates de quartier, soir\u00e9es priv\u00e9es, mariages, PACS, showcases, etc.<\/p>\n\n\n\n<p><strong>Dur\u00e9es :<\/strong> sets de 30 min \u00e0 4 h<br><strong>Tarifs :<\/strong> selon le partenariat et la prestation<\/p>\n<p><\/p>","protected":false},"excerpt":{"rendered":"<p>Pour devis et demandes : progmusicalecampustoulouse@gmail.com\u00a0\u00a0 1 &#8211; R\u00e9gie publicitaire Commer\u00e7ants, acteurs de l\u2019ESS, du circuit court et de la<\/p>\n","protected":false},"author":16,"featured_media":0,"parent":0,"menu_order":0,"comment_status":"closed","ping_status":"closed","template":"","meta":{"footnotes":""},"categories":[],"tags":[],"class_list":["post-26781","page","type-page","status-publish","hentry"],"jetpack_sharing_enabled":true,"_links":{"self":[{"href":"https:\/\/www.campusfm.net\/wp\/wp-json\/wp\/v2\/pages\/26781","targetHints":{"allow":["GET"]}}],"collection":[{"href":"https:\/\/www.campusfm.net\/wp\/wp-json\/wp\/v2\/pages"}],"about":[{"href":"https:\/\/www.campusfm.net\/wp\/wp-json\/wp\/v2\/types\/page"}],"author":[{"embeddable":true,"href":"https:\/\/www.campusfm.net\/wp\/wp-json\/wp\/v2\/users\/16"}],"replies":[{"embeddable":true,"href":"https:\/\/www.campusfm.net\/wp\/wp-json\/wp\/v2\/comments?post=26781"}],"version-history":[{"count":12,"href":"https:\/\/www.campusfm.net\/wp\/wp-json\/wp\/v2\/pages\/26781\/revisions"}],"predecessor-version":[{"id":26805,"href":"https:\/\/www.campusfm.net\/wp\/wp-json\/wp\/v2\/pages\/26781\/revisions\/26805"}],"wp:attachment":[{"href":"https:\/\/www.campusfm.net\/wp\/wp-json\/wp\/v2\/media?parent=26781"}],"wp:term":[{"taxonomy":"category","embeddable":true,"href":"https:\/\/www.campusfm.net\/wp\/wp-json\/wp\/v2\/categories?post=26781"},{"taxonomy":"post_tag","embeddable":true,"href":"https:\/\/www.campusfm.net\/wp\/wp-json\/wp\/v2\/tags?post=26781"}],"curies":[{"name":"wp","href":"https:\/\/api.w.org\/{rel}","templated":true}]}}